{"id":2,"date":"2015-05-06T13:05:16","date_gmt":"2015-05-06T13:05:16","guid":{"rendered":"http:\/\/pipau.cl\/?page_id=2"},"modified":"2023-03-03T19:28:37","modified_gmt":"2023-03-03T19:28:37","slug":"pagina-ejemplo","status":"publish","type":"page","link":"https:\/\/pipau.cl\/","title":{"rendered":"Bienvenidos"},"content":{"rendered":"<h1 style=\"text-align: center;\"><strong>L\u00cdDERES EN LOG\u00cdSTICA Y DISTRIBUCION DE RETAIL.<\/strong><\/h1>\n<h2 style=\"text-align: center;\"><span style=\"color: #808080;\"><strong>PIPAU TRANSPORTES, DURANTE 50 A\u00d1OS DANDO CONFIANZA.<\/strong><\/span><\/h2>\n<div class=\"cols-wrapper cols-3\">\n<div class=\"col\">\n<p><a href=\"http:\/\/pipau.cl\/wp-content\/uploads\/2023\/03\/electropi.jpg\"><img decoding=\"async\" loading=\"lazy\" class=\"alignnone size-full wp-image-488\" src=\"http:\/\/pipau.cl\/wp-content\/uploads\/2023\/03\/electropi.jpg\" alt=\"\" width=\"720\" height=\"900\" srcset=\"https:\/\/pipau.cl\/wp-content\/uploads\/2023\/03\/electropi.jpg 720w, https:\/\/pipau.cl\/wp-content\/uploads\/2023\/03\/electropi-240x300.jpg 240w\" sizes=\"(max-width: 720px) 100vw, 720px\" \/><\/a><\/p>\n<p style=\"text-align: center;\"><strong>Transportes PIPAU desde 1970 es una empresa <span style=\"color: #ba0000;\">l\u00edder a nivel nacional en transporte, log\u00edstica y distribuci\u00f3n del Retail, <\/span>siendo reconocidos por la profesionalizaci\u00f3n de nuestros servicios.<\/strong><\/p>\n<p style=\"text-align: center;\"><a class=\"button\" style=\"background-color: #ba0000;\" href=\"http:\/\/pipau.cl\/?page_id=13\" target=\"_self\" rel=\"noopener\">CONOCE M\u00c1S AQU\u00cd<\/a><\/p>\n<\/div>\n<div class=\"col\">\n<p><a href=\"http:\/\/pipau.cl\/wp-content\/uploads\/2023\/03\/clienbtesactu.jpg\"><img decoding=\"async\" loading=\"lazy\" class=\"alignnone size-full wp-image-492\" src=\"http:\/\/pipau.cl\/wp-content\/uploads\/2023\/03\/clienbtesactu.jpg\" alt=\"\" width=\"720\" height=\"900\" srcset=\"https:\/\/pipau.cl\/wp-content\/uploads\/2023\/03\/clienbtesactu.jpg 720w, https:\/\/pipau.cl\/wp-content\/uploads\/2023\/03\/clienbtesactu-240x300.jpg 240w\" sizes=\"(max-width: 720px) 100vw, 720px\" \/><\/a><\/p>\n<p style=\"text-align: center;\"><strong>Nuestra propuesta de valor es proveer servicios integrales de distribuci\u00f3n, donde nuestros clientes tienen los <span style=\"color: #ba0000;\">beneficios de desarrollar operaciones log\u00edsticas continuas y eficientes.<\/span><\/strong><\/p>\n<p style=\"text-align: center;\"><a class=\"button\" style=\"background-color: #ba0000;\" href=\"http:\/\/pipau.cl\/?page_id=174\" target=\"_self\" rel=\"noopener\">CONOCE M\u00c1S AQU\u00cd<\/a><\/p>\n<\/div>\n<div class=\"col nomargin\">\n<p><a href=\"\/\/pipau.cl\/?page_id=21\" target=\"_self\" rel=\"noopener\"><img decoding=\"async\" loading=\"lazy\" class=\"alignnone size-full wp-image-7\" src=\"http:\/\/pipau.cl\/wp-content\/uploads\/2015\/05\/WEB-03.png\" alt=\"\" width=\"476\" height=\"673\" \/><\/a><\/p>\n<p style=\"text-align: center;\"><strong>Pipau cuenta con una red de bodegas seguras para almacenamiento, <span style=\"color: #ba0000;\">con excelentes ubicaciones, para operaciones de Cross Docking <\/span>y opciones de integracio\u0301n para manejo de informacio\u0301n.<\/strong><\/p>\n<p style=\"text-align: center;\"><a class=\"button\" style=\"background-color: #ba0000;\" href=\"http:\/\/pipau.cl\/?page_id=21\" target=\"_self\" rel=\"noopener\">CONOCE M\u00c1S AQU\u00cd<\/a><\/p>\n<\/div>\n<\/div>\n<h1 style=\"text-align: center;\"><strong><span style=\"color: #ba0000;\">DIRECCI\u00d3N CASA MATR\u00cdZ<\/span><span style=\"color: #808080;\"> KM 262 RUTA 5 SUR, TALCA.<\/span> <span style=\"color: #ba0000;\">| FONO: 712246295<\/span><\/strong><\/h1>\n<div class=\"section-full-width section-light\" style=\"background-color:#000000; min-height:30px;\" id=\"section-1\"><div class=\"section-boxed\" style=\"color:#ffffff;\"><\/p>\n<h2 style=\"text-align: center;\"><span style=\"color: #ffffff;\"><strong>SOLUCIONES ALTAMENTE ESPECIALIZADAS EN PIPAU TRANSPORTES<\/strong><\/span><\/h2>\n<p>\n<\/div><\/div>\n<div class=\"services-wrapper services-fullbox cols-wrapper cols-3\" style=\"background-color:#ffffff;color:#454545;\"><div class=\"services-box col\"><a href=\"http:\/\/pipau.cl\/?page_id=13\"><div class=\"img-container\"><img src=\"http:\/\/pipau.cl\/wp-content\/uploads\/2020\/02\/WEB-04-618x411.png\" alt=\"\"\/><\/div><\/a><div class=\"services-content\"><div class=\"sc-wraper\"><p><p style=\"text-align: center;\"><strong>Transporte de  abastecimiento de tiendas.<br> <span style=\"color: #ba0000;\">Troncal de  abastecimiento.<br><\/span>Distribuci\u00f3n y  log\u00edstica de  entregas a domicilio.<\/strong><\/p>\r\n\u00a0\r\n<p style=\"text-align: center;\"><a class=\"button\" style=\"background-color: #ba0000;\" href=\"http:\/\/pipau.cl\/?page_id=13\" target=\"_self\">CONOCE M\u00c1S AQU\u00cd<\/a><\/p><\/p><\/div><\/div><\/div><div class=\"services-box col\"><a href=\"http:\/\/pipau.cl\/?page_id=19\"><div class=\"img-container\"><img src=\"http:\/\/pipau.cl\/wp-content\/uploads\/2020\/02\/WEB-05-618x411.png\" alt=\"\"\/><\/div><\/a><div class=\"services-content\"><div class=\"sc-wraper\"><p><p style=\"text-align: center;\"><strong>Contamos con un software de gesti\u00f3n, de uso exclusivo para satisfacer los requerimientos de nuestros clientes y la trazabilidad de la entrega de un producto.<\/strong><\/p>\r\n\u00a0\r\n<p style=\"text-align: center;\"><a class=\"button\" style=\"background-color: #ba0000;\" href=\"http:\/\/pipau.cl\/?page_id=19\" target=\"_self\">CONOCE M\u00c1S AQU\u00cd<\/a><\/p><\/p><\/div><\/div><\/div><div class=\"services-box col nomargin\"><a href=\"http:\/\/pipau.cl\/?page_id=15\"><div class=\"img-container\"><img src=\"http:\/\/pipau.cl\/wp-content\/uploads\/2020\/02\/WEB-06-618x411.png\" alt=\"\"\/><\/div><\/a><div class=\"services-content\"><div class=\"sc-wraper\"><p><p style=\"text-align: center;\"><strong>Flota total con GPS (Techpa).<br> <span style=\"color: #ba0000;\">Contamos con sala de monitoreo satelital, las 24 hrs del d\u00eda.  <br><\/span>Escolta activa para el retiro de m\u00f3viles.<\/strong><\/p>\r\n\u00a0\r\n<p style=\"text-align: center;\"><a class=\"button\" style=\"background-color: #ba0000;\" href=\"http:\/\/pipau.cl\/?page_id=15\" target=\"_self\">CONOCE M\u00c1S AQU\u00cd<\/a><\/p><\/p><\/div><\/div><\/div><div class=\"clear\"><\/div><\/div>\n<div class=\"section-full-width section-light\" style=\"background-color:#a80000; min-height:30px;\" id=\"section-2\"><div class=\"section-boxed\" style=\"color:#ffffff;\"><\/p>\n<h2 style=\"text-align: center;\"><span style=\"color: #ffffff;\"><strong>CERTIFICACIONES DE CALIDAD Y SUCURSALES EN GRAN PARTE DEL PA\u00cdS<\/strong><\/span><\/h2>\n<p>\n<\/div><\/div>\n<div class=\"services-wrapper services-fullbox cols-wrapper cols-3\" style=\"background-color:#ffffff;color:#454545;\"><div class=\"services-box col\"><a href=\"http:\/\/pipau.cl\/?page_id=13\"><div class=\"img-container\"><img src=\"http:\/\/pipau.cl\/wp-content\/uploads\/2020\/06\/WEB-07-618x411.png\" alt=\"\"\/><\/div><\/a><div class=\"services-content\"><div class=\"sc-wraper\"><p><p style=\"text-align: center;\"><strong>Somos una empresa certificada.<br> <span style=\"color: #ba0000;\">Buscamos constantemente estar a la vangaurdia.<br><\/span>Auto evaluaci\u00f3n y cuidado del capital humano.<\/strong><\/p>\r\n\u00a0\r\n<p style=\"text-align: center;\"><a class=\"button\" style=\"background-color: #ba0000;\" href=\"http:\/\/pipau.cl\/?page_id=13\" target=\"_self\">CONOCE M\u00c1S AQU\u00cd<\/a><\/p><\/p><\/div><\/div><\/div><div class=\"services-box col\"><a href=\"http:\/\/pipau.cl\/?page_id=21\"><div class=\"img-container\"><img src=\"http:\/\/pipau.cl\/wp-content\/uploads\/2020\/02\/WEB-08-618x411.png\" alt=\"\"\/><\/div><\/a><div class=\"services-content\"><div class=\"sc-wraper\"><p><p style=\"text-align: center;\"><strong>Pipau cuenta con una red de bodegas seguras para almacenamiento, con excelentes ubicaciones, <span style=\"color: #ba0000;\">para operaciones de Cross Docking<\/span> y opciones de integracio\u0301n<\/strong><\/p>\r\n\u00a0\r\n<p style=\"text-align: center;\"><a class=\"button\" style=\"background-color: #ba0000;\" href=\"http:\/\/pipau.cl\/?page_id=21\" target=\"_self\">CONOCE M\u00c1S AQU\u00cd<\/a><\/p><\/p><\/div><\/div><\/div><div class=\"services-box col nomargin\"><a href=\"http:\/\/pipau.cl\/?page_id=411\"><div class=\"img-container\"><img src=\"http:\/\/pipau.cl\/wp-content\/uploads\/2020\/02\/WEB-09-618x411.png\" alt=\"\"\/><\/div><\/a><div class=\"services-content\"><div class=\"sc-wraper\"><p><p style=\"text-align: center;\"><strong>\u00bfQuieres trabajar con nostros?<br> <span style=\"color: #ba0000;\">Accede a nuestro formulario, <br><\/span>y d\u00e9janos tus datos para ser parte de esta consolidada empresa.<\/strong><\/p>\r\n\u00a0\r\n<p style=\"text-align: center;\"><a class=\"button\" style=\"background-color: #ba0000;\" href=\"http:\/\/pipau.cl\/?page_id=411\" target=\"_self\">CONOCE M\u00c1S AQU\u00cd<\/a><\/p><\/p><\/div><\/div><\/div><div class=\"clear\"><\/div><\/div>\n<div class=\"section-full-width section-light\" style=\"background-color:#000000; min-height:30px;\" id=\"section-3\"><div class=\"section-boxed\" style=\"color:#ffffff;\"><\/p>\n<h2 style=\"text-align: center;\"><span style=\"color: #ffffff;\"><strong>PIPAU TRANSPORTES: EXPERTOS EN LOGI\u0301STICA Y DISTRIBUCIO\u0301N<\/strong><\/span><\/h2>\n<p>\n<\/div><\/div>\n","protected":false},"excerpt":{"rendered":"<p>L\u00cdDERES EN LOG\u00cdSTICA Y DISTRIBUCION DE RETAIL. PIPAU TRANSPORTES, DURANTE 50 A\u00d1OS DANDO CONFIANZA. Transportes PIPAU desde 1970 es una [&hellip;]<\/p>\n","protected":false},"author":1,"featured_media":0,"parent":0,"menu_order":0,"comment_status":"open","ping_status":"open","template":"template-full-custom.php","meta":{"_eb_attr":""},"_links":{"self":[{"href":"https:\/\/pipau.cl\/index.php?rest_route=\/wp\/v2\/pages\/2"}],"collection":[{"href":"https:\/\/pipau.cl\/index.php?rest_route=\/wp\/v2\/pages"}],"about":[{"href":"https:\/\/pipau.cl\/index.php?rest_route=\/wp\/v2\/types\/page"}],"author":[{"embeddable":true,"href":"https:\/\/pipau.cl\/index.php?rest_route=\/wp\/v2\/users\/1"}],"replies":[{"embeddable":true,"href":"https:\/\/pipau.cl\/index.php?rest_route=%2Fwp%2Fv2%2Fcomments&post=2"}],"version-history":[{"count":130,"href":"https:\/\/pipau.cl\/index.php?rest_route=\/wp\/v2\/pages\/2\/revisions"}],"predecessor-version":[{"id":503,"href":"https:\/\/pipau.cl\/index.php?rest_route=\/wp\/v2\/pages\/2\/revisions\/503"}],"wp:attachment":[{"href":"https:\/\/pipau.cl\/index.php?rest_route=%2Fwp%2Fv2%2Fmedia&parent=2"}],"curies":[{"name":"wp","href":"https:\/\/api.w.org\/{rel}","templated":true}]}}