{"id":19,"date":"2015-05-07T03:12:28","date_gmt":"2015-05-07T03:12:28","guid":{"rendered":"http:\/\/pipau.cl\/?page_id=19"},"modified":"2020-06-08T20:12:40","modified_gmt":"2020-06-08T20:12:40","slug":"seguimiento-en-linea","status":"publish","type":"page","link":"https:\/\/pipau.cl\/?page_id=19","title":{"rendered":"Seguimiento en L\u00ednea"},"content":{"rendered":"<div class=\"cols-wrapper cols-2\">\n<div class=\"col\">\n<p><img decoding=\"async\" class=\"img-frame \" src=\"http:\/\/pipau.cl\/wp-content\/uploads\/2015\/05\/SOFT.png\" alt=\"\" width=\"570\" \/><br \/>\n<img class=\"wp-content\/uploads\/2015\/05\/imac3.gif\" alt=\"\" width=\"500\" \/><\/p>\n<\/div>\n<div class=\"col nomargin\">\n<h5>M\u00c1S CONTROL A TRAV\u00c9S DE UN INNOVADOR SOFTWARE ESPECIALIZADO<\/h5>\n<p>&nbsp;<br \/>\nHemos dise\u00f1ado e implementado un software de gesti\u00f3n, de uso exclusivo para satisfacer los requerimientos de nuestros clientes.<br \/>\nEstamos en condiciones de asegurar la trazabilidad de la entrega de un producto.\n<\/p><\/div>\n<\/div>\n","protected":false},"excerpt":{"rendered":"<p>M\u00c1S CONTROL A TRAV\u00c9S DE UN INNOVADOR SOFTWARE ESPECIALIZADO &nbsp; Hemos dise\u00f1ado e implementado un software de gesti\u00f3n, de uso [&hellip;]<\/p>\n","protected":false},"author":1,"featured_media":0,"parent":0,"menu_order":0,"comment_status":"open","ping_status":"open","template":"","meta":{"_eb_attr":""},"_links":{"self":[{"href":"https:\/\/pipau.cl\/index.php?rest_route=\/wp\/v2\/pages\/19"}],"collection":[{"href":"https:\/\/pipau.cl\/index.php?rest_route=\/wp\/v2\/pages"}],"about":[{"href":"https:\/\/pipau.cl\/index.php?rest_route=\/wp\/v2\/types\/page"}],"author":[{"embeddable":true,"href":"https:\/\/pipau.cl\/index.php?rest_route=\/wp\/v2\/users\/1"}],"replies":[{"embeddable":true,"href":"https:\/\/pipau.cl\/index.php?rest_route=%2Fwp%2Fv2%2Fcomments&post=19"}],"version-history":[{"count":13,"href":"https:\/\/pipau.cl\/index.php?rest_route=\/wp\/v2\/pages\/19\/revisions"}],"predecessor-version":[{"id":475,"href":"https:\/\/pipau.cl\/index.php?rest_route=\/wp\/v2\/pages\/19\/revisions\/475"}],"wp:attachment":[{"href":"https:\/\/pipau.cl\/index.php?rest_route=%2Fwp%2Fv2%2Fmedia&parent=19"}],"curies":[{"name":"wp","href":"https:\/\/api.w.org\/{rel}","templated":true}]}}