{"id":174,"date":"2015-05-26T15:42:03","date_gmt":"2015-05-26T15:42:03","guid":{"rendered":"http:\/\/pipau.cl\/?page_id=174"},"modified":"2020-06-08T20:07:00","modified_gmt":"2020-06-08T20:07:00","slug":"quienes-somos","status":"publish","type":"page","link":"https:\/\/pipau.cl\/?page_id=174","title":{"rendered":"Qui\u00e9nes Somos"},"content":{"rendered":"<div class=\"cols-wrapper cols-2\">\n<div class=\"col\"><img decoding=\"async\" class=\"alignnone size-full wp-image-177\" src=\"http:\/\/pipau.cl\/wp-content\/uploads\/2015\/05\/so2.png\" alt=\"gerente\" width=\"550\" \/><\/div>\n<div class=\"col nomargin\">\n&nbsp;<\/p>\n<h6><img decoding=\"async\" class=\"alignnone size-full wp-image-111\" src=\"http:\/\/pipau.cl\/wp-content\/uploads\/2015\/05\/logo.png\" alt=\"logopipau\" width=\"200\" \/><\/h6>\n<p>&nbsp;<\/p>\n<h6>EXPERTOS EN LOG\u00cdSTICA Y DISTRIBUCI\u00d3N<\/h6>\n<p>&nbsp;<br \/>\nTransportes PIPAU nace en la d\u00e9cada 1970, por 50 a\u00f1os presta servicios en transporte y distribuci\u00f3n.<br \/>\n&nbsp;<br \/>\nEn el a\u00f1o 2007 comienza a prestar servicios al Retail con la finalidad de ser un agente de cambio, en el \u00e1rea de distribuci\u00f3n en el mercado.<br \/>\n&nbsp;<br \/>\nActualmente somos una empresa l\u00edder a nivel nacional en transporte, log\u00edstica y distribuci\u00f3n del Retail, siendo reconocidos por la profesionalizaci\u00f3n de nuestros servicios.<br \/>\n&nbsp;<\/p>\n<h6>COBERTURA EN M\u00e1S DE 400 COMUNAS<\/h6>\n<\/div>\n<\/div>\n","protected":false},"excerpt":{"rendered":"<p>&nbsp; &nbsp; EXPERTOS EN LOG\u00cdSTICA Y DISTRIBUCI\u00d3N &nbsp; Transportes PIPAU nace en la d\u00e9cada 1970, por 50 a\u00f1os presta servicios [&hellip;]<\/p>\n","protected":false},"author":1,"featured_media":0,"parent":0,"menu_order":0,"comment_status":"open","ping_status":"open","template":"","meta":{"_eb_attr":""},"_links":{"self":[{"href":"https:\/\/pipau.cl\/index.php?rest_route=\/wp\/v2\/pages\/174"}],"collection":[{"href":"https:\/\/pipau.cl\/index.php?rest_route=\/wp\/v2\/pages"}],"about":[{"href":"https:\/\/pipau.cl\/index.php?rest_route=\/wp\/v2\/types\/page"}],"author":[{"embeddable":true,"href":"https:\/\/pipau.cl\/index.php?rest_route=\/wp\/v2\/users\/1"}],"replies":[{"embeddable":true,"href":"https:\/\/pipau.cl\/index.php?rest_route=%2Fwp%2Fv2%2Fcomments&post=174"}],"version-history":[{"count":22,"href":"https:\/\/pipau.cl\/index.php?rest_route=\/wp\/v2\/pages\/174\/revisions"}],"predecessor-version":[{"id":467,"href":"https:\/\/pipau.cl\/index.php?rest_route=\/wp\/v2\/pages\/174\/revisions\/467"}],"wp:attachment":[{"href":"https:\/\/pipau.cl\/index.php?rest_route=%2Fwp%2Fv2%2Fmedia&parent=174"}],"curies":[{"name":"wp","href":"https:\/\/api.w.org\/{rel}","templated":true}]}}