{"id":13,"date":"2015-05-07T03:11:03","date_gmt":"2015-05-07T03:11:03","guid":{"rendered":"http:\/\/pipau.cl\/?page_id=13"},"modified":"2020-06-08T20:09:15","modified_gmt":"2020-06-08T20:09:15","slug":"servicios","status":"publish","type":"page","link":"https:\/\/pipau.cl\/?page_id=13","title":{"rendered":"Servicios"},"content":{"rendered":"<h5 style=\"text-align: center;\">CONOCE NUESTRAS SOLUCIONES<\/h5>\n<p>&nbsp;<\/p>\n<p style=\"text-align: center;\">Actualmente somos una empresa l\u00edder a nivel nacional en transporte, log\u00edstica y distribuci\u00f3n del Retail gracias a una profesionalizaci\u00f3n del servicio basado en el capital humano y tecnolog\u00eda de punta.<\/p>\n<p>&nbsp;<br \/>\n<div class=\"services-wrapper services-icon cols-wrapper cols-4\"><div class=\"services-box col\"><div class=\"img-container\"><img src=\"http:\/\/pipau.cl\/wp-content\/uploads\/2015\/05\/ic-01-130x130.png\" alt=\"Abastecimiento de Tiendas a Centro de Transferencia\"\/><\/div><div class=\"services-content\"><div class=\"sc-wraper\"><h3>Abastecimiento de Tiendas a Centro de Transferencia<\/h3><p>Servicio desde la IV a X Regi\u00f3n.\r\n<\/p><\/div><\/div><\/div><div class=\"services-box col\"><div class=\"img-container\"><img src=\"http:\/\/pipau.cl\/wp-content\/uploads\/2015\/05\/ico-3-130x130.png\" alt=\"Abastecimiento a Centros de Transferencia\"\/><\/div><div class=\"services-content\"><div class=\"sc-wraper\"><h3>Abastecimiento a Centros de Transferencia<\/h3><p>Servicio para:\r\nLa Serena, Vi\u00f1a del Mar, Rancagua\r\nCuric\u00f3, Talca, Chill\u00e1n, Concepci\u00f3n<\/p><\/div><\/div><\/div><div class=\"services-box col\"><div class=\"img-container\"><img src=\"http:\/\/pipau.cl\/wp-content\/uploads\/2015\/05\/ico-2-130x130.png\" alt=\"Distribuci\u00f3n y  log\u00edstica de Entregas a Domicilio\"\/><\/div><div class=\"services-content\"><div class=\"sc-wraper\"><h3>Distribuci\u00f3n y  log\u00edstica de Entregas a Domicilio<\/h3><p>Promedio mensual de distribuci\u00f3n \r\nde 200.000 gu\u00edas desde la IV a X Regi\u00f3n.\r\n<\/p><\/div><\/div><\/div><div class=\"services-box col nomargin\"><a href=\"http:\/\/pipau.cl\/?page_id=13\"><div class=\"img-container\"><img src=\"http:\/\/pipau.cl\/wp-content\/uploads\/2015\/05\/ico-4-130x130.png\" alt=\"Software de Seguimiento en L\u00ednea\"\/><\/div><\/a><div class=\"services-content\"><div class=\"sc-wraper\"><h3><a href=\"http:\/\/pipau.cl\/?page_id=13\">Software de Seguimiento en L\u00ednea<\/a><\/h3><p>Nuestra tecnolog\u00eda de punta nos permite ver en tiempo real el estado, ruta y ubicaci\u00f3n de toda nuestra flota de transportes las 24 horas.<\/p><\/div><\/div><\/div><div class=\"clear\"><\/div><\/div><br \/>\n&nbsp;<\/p>\n<h4 style=\"text-align: center;\">FLOTA ACTUAL 335 CAMIONES<\/h4>\n<p>&nbsp;<br \/>\n<img decoding=\"async\" class=\" size-full wp-image-217 aligncenter\" src=\"wp-content\/uploads\/2015\/05\/flota.png\" alt=\"flota\" width=\"550\" srcset=\"https:\/\/pipau.cl\/wp-content\/uploads\/2015\/05\/flota.png 600w, https:\/\/pipau.cl\/wp-content\/uploads\/2015\/05\/flota-300x75.png 300w\" sizes=\"(max-width: 600px) 100vw, 600px\" \/><br \/>\n&nbsp;<\/p>\n<div class=\"cols-wrapper cols-2\">\n<div class=\"col\">\n<h5>CARACTER\u00cdSTICAS DE FLOTA<\/h5>\n<p>&nbsp;<br \/>\n\u00b7 Veh\u00edculos con Conductores\/Auxiliares y equipos<br \/>\nde carga\/descarga.<br \/>\n\u00b7 Conectividad por celular, GPS y complementos de seguridad.<br \/>\n\u00b7 Tripulaci\u00f3n uniformada e identificada<br \/>\n\u00b7 Flota con antiguedad m\u00e1xima de 4 a\u00f1os.<br \/>\n\u00b7 Seguros de carga, terceros y\/o responsabilidad civil.<\/p><\/div>\n<div class=\"col nomargin\">\n<h5>CARACTER\u00cdSTICA DEL SERVICIO<\/h5>\n<p>&nbsp;<br \/>\n\u00b7 Cobertura, mas de 400 comunas.<br \/>\n\u00b7 Trazabilidad de la entrega 100% a trav\u00e9s de herramienta BEETRACK.<br \/>\n\u00b7 Tiempos de entraga en principales ciudades dentro de 24 horas.<\/p><\/div>\n<\/div>\n","protected":false},"excerpt":{"rendered":"<p>CONOCE NUESTRAS SOLUCIONES &nbsp; Actualmente somos una empresa l\u00edder a nivel nacional en transporte, log\u00edstica y distribuci\u00f3n del Retail gracias [&hellip;]<\/p>\n","protected":false},"author":1,"featured_media":0,"parent":0,"menu_order":0,"comment_status":"open","ping_status":"open","template":"","meta":{"_eb_attr":""},"_links":{"self":[{"href":"https:\/\/pipau.cl\/index.php?rest_route=\/wp\/v2\/pages\/13"}],"collection":[{"href":"https:\/\/pipau.cl\/index.php?rest_route=\/wp\/v2\/pages"}],"about":[{"href":"https:\/\/pipau.cl\/index.php?rest_route=\/wp\/v2\/types\/page"}],"author":[{"embeddable":true,"href":"https:\/\/pipau.cl\/index.php?rest_route=\/wp\/v2\/users\/1"}],"replies":[{"embeddable":true,"href":"https:\/\/pipau.cl\/index.php?rest_route=%2Fwp%2Fv2%2Fcomments&post=13"}],"version-history":[{"count":30,"href":"https:\/\/pipau.cl\/index.php?rest_route=\/wp\/v2\/pages\/13\/revisions"}],"predecessor-version":[{"id":473,"href":"https:\/\/pipau.cl\/index.php?rest_route=\/wp\/v2\/pages\/13\/revisions\/473"}],"wp:attachment":[{"href":"https:\/\/pipau.cl\/index.php?rest_route=%2Fwp%2Fv2%2Fmedia&parent=13"}],"curies":[{"name":"wp","href":"https:\/\/api.w.org\/{rel}","templated":true}]}}